{"id":13,"date":"2015-04-16T19:51:37","date_gmt":"2015-04-16T17:51:37","guid":{"rendered":"http:\/\/www.martinherrmann.info\/?page_id=13"},"modified":"2024-01-24T16:34:00","modified_gmt":"2024-01-24T15:34:00","slug":"impressum","status":"publish","type":"page","link":"https:\/\/www.martinherrmann.info\/?page_id=13","title":{"rendered":"Kontakt"},"content":{"rendered":"<p>Tel.: 0761-61295817<\/p>\n<p>Vertreten durch:<br \/>\n<strong>K\u00fcnstleragentur GAMP<\/strong><br \/>\nGerhard Gamp<br \/>\nAm Stadtgarten 3<br \/>\n71032 B\u00f6blingen<\/p>\n<p>Tel: 07031-233939<br \/>\nMobil: 0172-7136056<br \/>\nE-Mail: <a title=\"E-Mail an gamp.gerhard@t-online.de\" href=\"mailto:gamp.gerhard@t-online.de\">gamp.gerhard@t-online.de<\/a><br \/>\n<a title=\"www.K\u00fcnstleragentur-GAMP.de\" href=\"http:\/\/www.K\u00fcnstleragentur-GAMP.de\" target=\"_blank\" rel=\"noopener noreferrer\">K\u00fcnstleragentur-GAMP.de<\/a><\/p>\n<p>ab 1.2.23:<\/p>\n<p>c\/o Gerhard Gamp s.o.<\/p>\n<p><span style=\"letter-spacing: 0.05em;\">E-Mail:<\/span><\/p>\n<p><a href=\"mailto:info@martinherrmann.info\">info@martinherrmann.info<\/a><\/p>\n<p>WEB<br \/>\n<a title=\"AnettePareigat.de\" href=\"http:\/\/www.anettepareigat.de\" target=\"_blank\" rel=\"noopener noreferrer\">AnettePareigat.de<\/a><\/p>\n<p>&nbsp;<\/p>\n","protected":false},"excerpt":{"rendered":"<p>Tel.: 0761-61295817 Vertreten durch: K\u00fcnstleragentur GAMP Gerhard Gamp Am Stadtgarten 3 71032 B\u00f6blingen Tel: 07031-233939 Mobil: 0172-7136056 E-Mail: gamp.gerhard@t-online.de K\u00fcnstleragentur-GAMP.de ab 1.2.23: c\/o Gerhard Gamp s.o. E-Mail: info@martinherrmann.info WEB AnettePareigat.de &nbsp;<\/p>\n<p class=\"more-link-p\"><a class=\"more-link\" href=\"https:\/\/www.martinherrmann.info\/?page_id=13\">Read more &rarr;<\/a><\/p>\n","protected":false},"author":1,"featured_media":0,"parent":0,"menu_order":0,"comment_status":"closed","ping_status":"closed","template":"","meta":{"footnotes":""},"class_list":["post-13","page","type-page","status-publish","hentry"],"_links":{"self":[{"href":"https:\/\/www.martinherrmann.info\/index.php?rest_route=\/wp\/v2\/pages\/13","targetHints":{"allow":["GET"]}}],"collection":[{"href":"https:\/\/www.martinherrmann.info\/index.php?rest_route=\/wp\/v2\/pages"}],"about":[{"href":"https:\/\/www.martinherrmann.info\/index.php?rest_route=\/wp\/v2\/types\/page"}],"author":[{"embeddable":true,"href":"https:\/\/www.martinherrmann.info\/index.php?rest_route=\/wp\/v2\/users\/1"}],"replies":[{"embeddable":true,"href":"https:\/\/www.martinherrmann.info\/index.php?rest_route=%2Fwp%2Fv2%2Fcomments&post=13"}],"version-history":[{"count":40,"href":"https:\/\/www.martinherrmann.info\/index.php?rest_route=\/wp\/v2\/pages\/13\/revisions"}],"predecessor-version":[{"id":12040,"href":"https:\/\/www.martinherrmann.info\/index.php?rest_route=\/wp\/v2\/pages\/13\/revisions\/12040"}],"wp:attachment":[{"href":"https:\/\/www.martinherrmann.info\/index.php?rest_route=%2Fwp%2Fv2%2Fmedia&parent=13"}],"curies":[{"name":"wp","href":"https:\/\/api.w.org\/{rel}","templated":true}]}}