{"id":1762,"date":"2016-11-02T15:26:47","date_gmt":"2016-11-02T14:26:47","guid":{"rendered":"http:\/\/www.martinherrmann.info\/?page_id=1762"},"modified":"2026-02-13T22:44:36","modified_gmt":"2026-02-13T21:44:36","slug":"kreuzfahrt-fuer-seekranke","status":"publish","type":"page","link":"https:\/\/www.martinherrmann.info\/?page_id=1762","title":{"rendered":"Kreuzfahrt f\u00fcr Seekranke! Eine Reise durch das Ironische Meer"},"content":{"rendered":"<p><a href=\"https:\/\/www.martinherrmann.info\/wp-content\/uploads\/2026\/01\/Herrmann_Presse_Kreuzfahrt_2016_ohne_v1.jpg\"><img loading=\"lazy\" decoding=\"async\" class=\"alignnone size-medium wp-image-16066\" src=\"https:\/\/www.martinherrmann.info\/wp-content\/uploads\/2026\/01\/Herrmann_Presse_Kreuzfahrt_2016_ohne_v1-195x300.jpg\" alt=\"\" width=\"195\" height=\"300\" srcset=\"https:\/\/www.martinherrmann.info\/wp-content\/uploads\/2026\/01\/Herrmann_Presse_Kreuzfahrt_2016_ohne_v1-195x300.jpg 195w, https:\/\/www.martinherrmann.info\/wp-content\/uploads\/2026\/01\/Herrmann_Presse_Kreuzfahrt_2016_ohne_v1-666x1024.jpg 666w, https:\/\/www.martinherrmann.info\/wp-content\/uploads\/2026\/01\/Herrmann_Presse_Kreuzfahrt_2016_ohne_v1-768x1180.jpg 768w, https:\/\/www.martinherrmann.info\/wp-content\/uploads\/2026\/01\/Herrmann_Presse_Kreuzfahrt_2016_ohne_v1-999x1536.jpg 999w, https:\/\/www.martinherrmann.info\/wp-content\/uploads\/2026\/01\/Herrmann_Presse_Kreuzfahrt_2016_ohne_v1-560x861.jpg 560w, https:\/\/www.martinherrmann.info\/wp-content\/uploads\/2026\/01\/Herrmann_Presse_Kreuzfahrt_2016_ohne_v1-260x400.jpg 260w, https:\/\/www.martinherrmann.info\/wp-content\/uploads\/2026\/01\/Herrmann_Presse_Kreuzfahrt_2016_ohne_v1-160x246.jpg 160w, https:\/\/www.martinherrmann.info\/wp-content\/uploads\/2026\/01\/Herrmann_Presse_Kreuzfahrt_2016_ohne_v1.jpg 1153w\" sizes=\"auto, (max-width: 195px) 100vw, 195px\" \/><\/a><a href=\"https:\/\/www.martinherrmann.info\/wp-content\/uploads\/2026\/01\/Herrmann_Presse_Kreuzfahrt_2017_ohne.jpeg\"><img loading=\"lazy\" decoding=\"async\" class=\"alignnone size-medium wp-image-16067\" src=\"https:\/\/www.martinherrmann.info\/wp-content\/uploads\/2026\/01\/Herrmann_Presse_Kreuzfahrt_2017_ohne-195x300.jpeg\" alt=\"\" width=\"195\" height=\"300\" srcset=\"https:\/\/www.martinherrmann.info\/wp-content\/uploads\/2026\/01\/Herrmann_Presse_Kreuzfahrt_2017_ohne-195x300.jpeg 195w, https:\/\/www.martinherrmann.info\/wp-content\/uploads\/2026\/01\/Herrmann_Presse_Kreuzfahrt_2017_ohne-666x1024.jpeg 666w, https:\/\/www.martinherrmann.info\/wp-content\/uploads\/2026\/01\/Herrmann_Presse_Kreuzfahrt_2017_ohne-768x1180.jpeg 768w, https:\/\/www.martinherrmann.info\/wp-content\/uploads\/2026\/01\/Herrmann_Presse_Kreuzfahrt_2017_ohne-560x861.jpeg 560w, https:\/\/www.martinherrmann.info\/wp-content\/uploads\/2026\/01\/Herrmann_Presse_Kreuzfahrt_2017_ohne-260x400.jpeg 260w, https:\/\/www.martinherrmann.info\/wp-content\/uploads\/2026\/01\/Herrmann_Presse_Kreuzfahrt_2017_ohne-160x246.jpeg 160w, https:\/\/www.martinherrmann.info\/wp-content\/uploads\/2026\/01\/Herrmann_Presse_Kreuzfahrt_2017_ohne.jpeg 833w\" sizes=\"auto, (max-width: 195px) 100vw, 195px\" \/> \u00a0 <\/a><a href=\"https:\/\/www.martinherrmann.info\/wp-content\/uploads\/2026\/01\/Kreuzfahrt-Kuh-jpg-min.jpg\"><img loading=\"lazy\" decoding=\"async\" class=\"size-medium wp-image-16062 alignleft\" src=\"https:\/\/www.martinherrmann.info\/wp-content\/uploads\/2026\/01\/Kreuzfahrt-Kuh-jpg-min-171x300.jpg\" alt=\"\" width=\"171\" height=\"300\" srcset=\"https:\/\/www.martinherrmann.info\/wp-content\/uploads\/2026\/01\/Kreuzfahrt-Kuh-jpg-min-171x300.jpg 171w, https:\/\/www.martinherrmann.info\/wp-content\/uploads\/2026\/01\/Kreuzfahrt-Kuh-jpg-min-260x455.jpg 260w, https:\/\/www.martinherrmann.info\/wp-content\/uploads\/2026\/01\/Kreuzfahrt-Kuh-jpg-min-160x280.jpg 160w, https:\/\/www.martinherrmann.info\/wp-content\/uploads\/2026\/01\/Kreuzfahrt-Kuh-jpg-min.jpg 284w\" sizes=\"auto, (max-width: 171px) 100vw, 171px\" \/><\/a><\/p>\n<p>Ein Programm voller Nautik.<br \/>\nDie Nautik bezieht sich auf die Lebenslinien: Auch die G\u00fcrtellinie hat ein Existenzrecht. Manch einer kriegt ja schon Komplexe beim Wort Sextant. Mit der G\u00fcrtellinie ist es wie mit der Wasserlinie: auch wenn es im Programm mal darunter geht, f\u00fchrt uns der Steuermann doch immer wieder sicher zur\u00fcck. <em>Eine Studie hat herausgefunden: Sex vor stressigen Pr\u00fcfungen senkt den Blutdruck, macht gelassener und erm\u00f6glicht so bessere Noten. Eine andere Studie hat herausgefunden: bessere Noten sind auch m\u00f6glich, wenn man vor der Pr\u00fcfung&#8230;lernt!<\/em><br \/>\nKreuzfahrt f\u00fcr Seekranke! ist eine Reise in Wort und Lied durch das Ironische Meer, gespickt mit satirischen Verortungen zu Themen aus Alltag und Politik. Es geht zu wie auf dem Wasser: Wellent\u00e4ler und Wellenspitzen. Mal rauf mal runter, aber immer im Gleichgewicht der satirischen Ausleger.<br \/>\nWas voraussagbar ist: die Form. Lieder und Texte, meist stand-up. Es gibt viele sarkastische Songs, allerdings mit Liebe vorgetragen, auch Gedichte, leicht angezynt, daf\u00fcr voller Herzensw\u00e4rme, Politisches kommt nicht zu kurz, in Reim und Prosa wird dem Volk aufs Maul geschaut &#8211; aber nicht nach dem Maul geredet.<br \/>\nTexte und Lieder. Saukomisch, bis zum Schluss.\u00a0<i><br \/>\n<\/i><\/p>\n<p>Pressefoto und Plakat (A1\/A3)<\/p>\n<p><a href=\"https:\/\/www.martinherrmann.info\/wp-content\/uploads\/2026\/01\/Mail-Anhang.png\"><img loading=\"lazy\" decoding=\"async\" class=\"alignnone size-medium wp-image-16058\" src=\"https:\/\/www.martinherrmann.info\/wp-content\/uploads\/2026\/01\/Mail-Anhang-191x300.png\" alt=\"\" width=\"191\" height=\"300\" \/><\/a>\u00a0 \u00a0<a href=\"https:\/\/www.martinherrmann.info\/wp-content\/uploads\/2026\/01\/Herrmann_Presse_Kreuzfahrt_2017_ohne.jpeg\"><img loading=\"lazy\" decoding=\"async\" class=\"alignnone size-medium wp-image-16059\" src=\"https:\/\/www.martinherrmann.info\/wp-content\/uploads\/2026\/01\/Herrmann_Presse_Kreuzfahrt_2017_ohne-195x300.jpeg\" alt=\"\" width=\"195\" height=\"300\" \/><\/a><a href=\"https:\/\/www.martinherrmann.info\/wp-content\/uploads\/2016\/04\/Kreuzfahrt-Kuh-jpg-min.jpg\"><img loading=\"lazy\" decoding=\"async\" class=\"alignnone size-medium wp-image-1271\" src=\"https:\/\/www.martinherrmann.info\/wp-content\/uploads\/2016\/04\/Kreuzfahrt-Kuh-jpg-min-171x300.jpg\" alt=\"Kreuzfahrt Kuh jpg-min\" width=\"171\" height=\"300\" \/><\/a><\/p>\n","protected":false},"excerpt":{"rendered":"<p>\u00a0 Ein Programm voller Nautik. Die Nautik bezieht sich auf die Lebenslinien: Auch die G\u00fcrtellinie hat ein Existenzrecht. Manch einer kriegt ja schon Komplexe beim Wort Sextant. Mit der G\u00fcrtellinie ist es wie mit der Wasserlinie: auch wenn es im&hellip;<\/p>\n<p class=\"more-link-p\"><a class=\"more-link\" href=\"https:\/\/www.martinherrmann.info\/?page_id=1762\">Read more &rarr;<\/a><\/p>\n","protected":false},"author":2,"featured_media":0,"parent":0,"menu_order":0,"comment_status":"closed","ping_status":"closed","template":"","meta":{"footnotes":""},"class_list":["post-1762","page","type-page","status-publish","hentry"],"_links":{"self":[{"href":"https:\/\/www.martinherrmann.info\/index.php?rest_route=\/wp\/v2\/pages\/1762","targetHints":{"allow":["GET"]}}],"collection":[{"href":"https:\/\/www.martinherrmann.info\/index.php?rest_route=\/wp\/v2\/pages"}],"about":[{"href":"https:\/\/www.martinherrmann.info\/index.php?rest_route=\/wp\/v2\/types\/page"}],"author":[{"embeddable":true,"href":"https:\/\/www.martinherrmann.info\/index.php?rest_route=\/wp\/v2\/users\/2"}],"replies":[{"embeddable":true,"href":"https:\/\/www.martinherrmann.info\/index.php?rest_route=%2Fwp%2Fv2%2Fcomments&post=1762"}],"version-history":[{"count":30,"href":"https:\/\/www.martinherrmann.info\/index.php?rest_route=\/wp\/v2\/pages\/1762\/revisions"}],"predecessor-version":[{"id":16333,"href":"https:\/\/www.martinherrmann.info\/index.php?rest_route=\/wp\/v2\/pages\/1762\/revisions\/16333"}],"wp:attachment":[{"href":"https:\/\/www.martinherrmann.info\/index.php?rest_route=%2Fwp%2Fv2%2Fmedia&parent=1762"}],"curies":[{"name":"wp","href":"https:\/\/api.w.org\/{rel}","templated":true}]}}