{"id":3041,"date":"2017-09-15T20:19:48","date_gmt":"2017-09-15T18:19:48","guid":{"rendered":"http:\/\/www.martinherrmann.info\/?page_id=3041"},"modified":"2026-04-24T14:43:13","modified_gmt":"2026-04-24T12:43:13","slug":"datenschutz","status":"publish","type":"page","link":"https:\/\/www.martinherrmann.info\/?page_id=3041","title":{"rendered":"Datenschutz"},"content":{"rendered":"<p><b>Webseitenbetreiber<\/b><\/p>\n<p>Martin Herrmann<\/p>\n<p>Tourneeb\u00fcro<\/p>\n<p>info@martinherrmann.info<\/p>\n<p>c\/o Agentur Gamp<\/p>\n<p>Am Stadtpark 3<\/p>\n<p>71032 B\u00f6blingen<\/p>\n<p>&nbsp;<\/p>\n<p>&nbsp;<\/p>\n<p><b>HAFTUNGSAUSSCHLUSS<\/b><\/p>\n<p>Gem\u00e4\u00df Telemediengesetz informieren wir Sie \u00fcber unseren Haftungsauschluss.<\/p>\n<p>Diese Seite enth\u00e4lt Links zu externen Seiten, auf denen zum Zeitpunkt der Verlinkung keine Rechtsverst\u00f6\u00dfe bekannt waren. Zu einer st\u00e4ndigen \u00dcberwachung der Inhalte externer Seiten auf Rechtsverst\u00f6\u00dfe sind wir nicht verpflichtet. Sollte uns auf dieser Seite oder einer verlinkten externen Seite ein Rechtsversto\u00df zur Kenntnis kommen, wird dieser Inhalt bzw. der Link zu der externen Seite umgehend entfernt.<\/p>\n<p>&nbsp;<\/p>\n<p><b>DATENSCHUTZERKL\u00c4RUNG<\/b><\/p>\n<p>&nbsp;<\/p>\n<p><b>Geltungsbereich<\/b><\/p>\n<p>Diese Datenschutzerkl\u00e4rung soll die Nutzer dieser Website gem\u00e4\u00df Bundesdatenschutzgesetz und Telemediengesetz \u00fcber die Art, den Umfang und den Zweck der Erhebung und Verwendung personenbezogener Daten durch den Websitebetreiber informieren.<br \/>\nDer Websitebetreiber nimmt Ihren Datenschutz sehr ernst und behandelt Ihre personenbezogenen Daten vertraulich und entsprechend der gesetzlichen Vorschriften.<br \/>\nBedenken Sie, dass die Daten\u00fcbertragung im Internet grunds\u00e4tzlich mit Sicherheitsl\u00fccken bedacht sein kann. Ein vollumf\u00e4nglicher Schutz vor dem Zugriff durch Fremde ist nicht realisierbar.<\/p>\n<p><b>Zugriffsdaten<\/b><\/p>\n<p>Der Websitebetreiber bzw. Seitenprovider erhebt Daten \u00fcber Zugriffe auf die Seite und speichert diese als &#8222;Server-Logfiles&#8220; ab. Folgende Daten werden so protokolliert:<br \/>\n\u2022 Besuchte Website<br \/>\n\u2022 Uhrzeit zum Zeitpunkt des Zugriffes<br \/>\n\u2022 Menge der gesendeten Daten in Byte<br \/>\n\u2022 Quelle\/Verweis, von welchem Sie auf die Seite gelangten<br \/>\n\u2022 Verwendeter Browser<br \/>\n\u2022 Verwendetes Betriebssystem<br \/>\n\u2022 Verwendete IP-Adresse<br \/>\nDie erhobenen Daten dienen lediglich statistischen Auswertungen und zur Verbesserung der Website. Der Websitebetreiber beh\u00e4lt sich allerdings vor, die Server-Logfiles nachtr\u00e4glich zu \u00fcberpr\u00fcfen, sollten konkrete Anhaltspunkte auf eine rechtswidrige Nutzung hinweisen.<\/p>\n<p><b>Cookies<\/b><\/p>\n<p>Diese Website verwendet Cookies. Dabei handelt es sich um kleine Textdateien, welche auf Ihrem Endger\u00e4t gespeichert werden. Ihr Browser greift auf diese Dateien zu. Durch den Einsatz von Cookies erh\u00f6ht sich die Benutzerfreundlichkeit und Sicherheit dieser Website. G\u00e4ngige Browser bieten die Einstellungsoption, Cookies nicht zuzulassen. Hinweis: Es ist nicht gew\u00e4hrleistet, dass Sie auf alle Funktionen dieser Website ohne Einschr\u00e4nkungen zugreifen k\u00f6nnen, wenn Sie entsprechende Einstellungen vornehmen.<\/p>\n<p><b>Umgang mit personenbezogenen Daten<\/b><\/p>\n<p>Der Websitebetreiber erhebt, nutzt und gibt Ihre personenbezogenen Daten nur dann weiter, wenn dies im gesetzlichen Rahmen erlaubt ist oder Sie in die Datenerhebung einwilligen.<br \/>\nAls personenbezogene Daten gelten s\u00e4mtliche Informationen, welche dazu dienen, Ihre Person zu bestimmen und welche zu Ihnen zur\u00fcckverfolgt werden k\u00f6nnen &#8211; also beispielsweise Ihr Name, Ihre E-Mail-Adresse und Telefonnummer.<\/p>\n<p><b>Umgang mit Kontaktdaten<\/b><\/p>\n<p>Nehmen Sie mit dem Websitebetreiber durch die angebotenen Kontaktm\u00f6glichkeiten Verbindung auf, werden Ihre Angaben gespeichert, damit auf diese zur Bearbeitung und Beantwortung Ihrer Anfrage zur\u00fcckgegriffen werden kann. Ohne Ihre Einwilligung werden diese Daten nicht an Dritte weitergegeben.<\/p>\n<p><b>Benutzerkonto<\/b><\/p>\n<p>Um \u00fcber dieses Angebot Bestellungen t\u00e4tigen zu k\u00f6nnen, muss jeder Kunde ein passwortgesch\u00fctztes Kundenkonto einrichten. Dieses beinhaltet eine \u00dcbersicht \u00fcber get\u00e4tigte Bestellungen und aktive Bestellvorg\u00e4nge. Sofern Sie als Kunde den Onlineshop verlassen, werden Sie automatisch ausgeloggt.<br \/>\nDer Betreiber \u00fcbernimmt keine Haftung f\u00fcr Passwortmissbrauch, sofern dieser nicht von dem Betreiber selbst verursacht wurde.<\/p>\n<p><b>Bestellvorgang<\/b><\/p>\n<p>S\u00e4mtliche Daten, welche im Rahmen einer Bestellabwicklung von den Kunden eingegeben werden, werden gespeichert. Dazu geh\u00f6ren:<br \/>\n\u2022 Name, Vorname<br \/>\n\u2022 Adresse<br \/>\n\u2022 Zahldaten<br \/>\n\u2022 E-Mail-Adresse<br \/>\nJene Daten, welche zur Auslieferung oder Auftragsabwicklung zwingend notwendig sind, werden an dritte Dienstleister weitergegeben. Sowie die Aufbewahrung Ihrer Daten nicht mehr erforderlich oder gesetzlich geboten ist, werden diese gel\u00f6scht.<\/p>\n<p><b>Umgang mit Kommentaren und Beitr\u00e4gen<\/b><\/p>\n<p>Hinterlassen Sie auf dieser Website einen Beitrag oder Kommentar, wird Ihre IP-Adresse gespeichert. Dies dient der Sicherheit des Websitebetreibers: Verst\u00f6\u00dft Ihr Text gegen das Recht, m\u00f6chte er Ihre Identit\u00e4t nachverfolgen k\u00f6nnen.<\/p>\n<p><b>Google Analytics\u00a0<\/b><\/p>\n<p>Diese Website nutzt den Dienst &#8222;Google Analytics&#8220;, welcher von der Google Inc. (1600 Amphitheatre Parkway Mountain View, CA 94043, USA) angeboten wird, zur Analyse der Websitebenutzung durch Nutzer. Der Dienst verwendet &#8222;Cookies&#8220; &#8211; Textdateien, welche auf Ihrem Endger\u00e4t gespeichert werden. Die durch die Cookies gesammelten Informationen werden im Regelfall an einen Google-Server in den USA gesandt und dort gespeichert.<br \/>\nAuf dieser Website greift die IP-Anonymisierung. Die IP-Adresse der Nutzer wird innerhalb der Mitgliedsstaaten der EU und des Europ\u00e4ischen Wirtschaftsraum gek\u00fcrzt. Durch diese K\u00fcrzung entf\u00e4llt der Personenbezug Ihrer IP-Adresse. Im Rahmen der Vereinbarung zur Auftragsdatenvereinbarung, welche die Websitebetreiber mit der Google Inc. geschlossen haben, erstellt diese mithilfe der gesammelten Informationen eine Auswertung der Websitenutzung und der Websiteaktivit\u00e4t und erbringt mit der Internetnutzung verbundene Dienstleistungen.<br \/>\nSie haben die M\u00f6glichkeit, die Speicherung des Cookies auf Ihrem Ger\u00e4t zu verhindern, indem Sie in Ihrem Browser entsprechende Einstellungen vornehmen. Es ist nicht gew\u00e4hrleistet, dass Sie auf alle Funktionen dieser Website ohne Einschr\u00e4nkungen zugreifen k\u00f6nnen, wenn Ihr Browser keine Cookies zul\u00e4sst. Weiterhin k\u00f6nnen Sie durch ein Browser-Plugin verhindern, dass die durch Cookies gesammelten Informationen (inklusive Ihrer IP-Adresse) an die Google Inc. gesendet und von der Google Inc. genutzt werden. Folgender Link f\u00fchrt Sie zu dem entsprechenden Plugin:<a href=\"https:\/\/tools.google.com\/dlpage\/gaoptout?hl=de\" target=\"_blank\" rel=\"noopener\">https:\/\/tools.google.com\/dlpage\/gaoptout?hl=de<\/a><br \/>\nAlternativ verhindern Sie mit einem Klick auf diesen Opt-Out-Link<a href=\"https:\/\/chrome.google.com\/webstore\/detail\/google-analytics-opt-out\/fllaojicojecljbmefodhfapmkghcbnh?hl=de\" target=\"_blank\" rel=\"noopener\">https:\/\/chrome.google.com\/webstore\/detail\/google-analytics-opt-out\/fllaojicojecljbmefodhfapmkghcbnh?hl=de<\/a>, dass Google Analytics innerhalb dieser Website Daten \u00fcber Sie erfasst. Mit dem Klick auf obigen Link laden Sie ein &#8222;Opt-Out-Cookie&#8220; herunter. Ihr Browser muss die Speicherung von Cookies also hierzu grunds\u00e4tzlich erlauben. L\u00f6schen Sie Ihre Cookies regelm\u00e4\u00dfig, ist ein erneuter Klick auf den Link bei jedem Besuch dieser Website vonn\u00f6ten.<br \/>\nHier finden Sie weitere Informationen zur Datennutzung durch die Google Inc.:<a href=\"https:\/\/support.google.com\/analytics\/answer\/6004245?hl=de\" target=\"_blank\" rel=\"noopener\">https:\/\/support.google.com\/analytics\/answer\/6004245?hl=de\u00a0<\/a><\/p>\n<p><b>Nutzung von Social-Media-Plugins<\/b><\/p>\n<p>Diese Website verwendet Facebook Social Plugins, welches von der Facebook Inc. (1 Hacker Way, Menlo Park, California 94025, USA) betrieben wird. Erkennbar sind die Einbindungen an dem Facebook-Logo bzw. an den Begriffen &#8222;Like&#8220;, &#8222;Gef\u00e4llt mir&#8220;, &#8222;Teilen&#8220; in den Farben Facebooks (Blau und Wei\u00df). Informationen zu allen Facebook-Plugins finden Sie im folgenden Link:<a href=\"https:\/\/developers.facebook.com\/docs\/plugins\/\" target=\"_blank\" rel=\"noopener\">https:\/\/developers.facebook.com\/docs\/plugins\/<\/a><br \/>\nDas Plugin stellt eine direkte Verbindung zwischen Ihrem Browser und den FacebookServern her. Der Websitebetreiber hat keinerlei Einfluss auf die Natur und den Umfang der Daten, welche das Plugin an die Server der Facebook Inc. \u00fcbermittelt. Informationen dazu finden Sie hier:<a href=\"https:\/\/www.facebook.com\/help\/186325668085084\" target=\"_blank\" rel=\"noopener\">https:\/\/www.facebook.com\/help\/186325668085084<\/a><br \/>\nDas Plugin informiert die Facebook Inc. dar\u00fcber, dass der Nutzer diese Website besucht hat. Es besteht hierbei die M\u00f6glichkeit, dass Ihre IP-Adresse gespeichert wird. Sind Sie w\u00e4hrend des Besuchs auf dieser Website in Ihrem Facebook-Konto eingeloggt, werden die genannten Informationen mit diesem verkn\u00fcpft. Nutzen Sie die Funktionen des Plugins &#8211; etwa indem Sie einen Beitrag teilen oder &#8222;liken&#8220; &#8211; werden die entsprechenden Informationen ebenfalls an die Facebook Inc. \u00fcbermittelt. M\u00f6chten Sie verhindern, dass die Facebook. Inc. diese Daten mit Ihrem Facebook-Konto verkn\u00fcpft, loggen Sie sich bitte vor dem Besuch dieser Website bei Facebook aus.<\/p>\n<p>Weiterhin nutzt diese Website Twitter-Schlatfl\u00e4chen. Betrieben werden diese von der Twitter Inc. (795 Folsom St., Suite 600, San Francisco, CA 94107, USA). Besuchen Sie eine Seite, welche eine solche Schaltfl\u00e4che enth\u00e4lt, entsteht eine direkte Verbindung zwischen Ihrem Browser und den Twitter-Servern. Der Websitebetreiber hat daher keinerlei Einfluss \u00fcber die Natur und den Umfang der Daten, welche das Plugin an die Server Twitter Inc. \u00fcbermittelt.<br \/>\nGem\u00e4\u00df der Twitter Inc. wird dabei allein Ihre IP-Adresse erhoben und gespeichert. Informationen zu dem Umgang mit personenbezogenen Daten durch die Twitter Inc. finden Sie hier:\u00a0<a href=\"https:\/\/twitter.com\/privacy?lang=de\" target=\"_blank\" rel=\"noopener\">https:\/\/twitter.com\/privacy?lang=de\u00a0<\/a><\/p>\n<p><b>Newsletter-Abonnement\u00a0<\/b><\/p>\n<p>Der Websitebetreiber bietet Ihnen einen Newsletter an, in welchem er Sie \u00fcber aktuelle Geschehnisse und Angebote informiert. M\u00f6chten Sie den Newsletter abonnieren, m\u00fcssen Sie eine valide E-Mail-Adresse angeben.<\/p>\n<p><b>Rechte des Nutzers:<br \/>\nAuskunft, Berichtigung und L\u00f6schung<\/b><\/p>\n<p>Sie als Nutzer erhalten auf Antrag Ihrerseits kostenlose Auskunft dar\u00fcber, welche personenbezogenen Daten \u00fcber Sie gespeichert wurden. Sofern Ihr Wunsch nicht mit einer gesetzlichen Pflicht zur Aufbewahrung von Daten (z. B. Vorratsdatenspeicherung) kollidiert, haben Sie ein Anrecht auf Berichtigung falscher Daten und auf die Sperrung oder L\u00f6schung Ihrer personenbezogenen Daten.<\/p>\n<p><small>Datenschutzerkl\u00e4rung freundlich zur Verf\u00fcgung gestellt von\u00a0<\/small><a href=\"http:\/\/www.datenschutz.org\/\" target=\"_blank\" rel=\"noopener\"><small>datenschutz.org<\/small><\/a><\/p>\n","protected":false},"excerpt":{"rendered":"<p>Webseitenbetreiber Martin Herrmann Tourneeb\u00fcro info@martinherrmann.info c\/o Agentur Gamp Am Stadtpark 3 71032 B\u00f6blingen &nbsp; &nbsp; HAFTUNGSAUSSCHLUSS Gem\u00e4\u00df Telemediengesetz informieren wir Sie \u00fcber unseren Haftungsauschluss. Diese Seite enth\u00e4lt Links zu externen Seiten, auf denen zum Zeitpunkt der Verlinkung keine Rechtsverst\u00f6\u00dfe bekannt&hellip;<\/p>\n<p class=\"more-link-p\"><a class=\"more-link\" href=\"https:\/\/www.martinherrmann.info\/?page_id=3041\">Read more &rarr;<\/a><\/p>\n","protected":false},"author":1,"featured_media":0,"parent":0,"menu_order":0,"comment_status":"closed","ping_status":"closed","template":"","meta":{"footnotes":""},"class_list":["post-3041","page","type-page","status-publish","hentry"],"_links":{"self":[{"href":"https:\/\/www.martinherrmann.info\/index.php?rest_route=\/wp\/v2\/pages\/3041","targetHints":{"allow":["GET"]}}],"collection":[{"href":"https:\/\/www.martinherrmann.info\/index.php?rest_route=\/wp\/v2\/pages"}],"about":[{"href":"https:\/\/www.martinherrmann.info\/index.php?rest_route=\/wp\/v2\/types\/page"}],"author":[{"embeddable":true,"href":"https:\/\/www.martinherrmann.info\/index.php?rest_route=\/wp\/v2\/users\/1"}],"replies":[{"embeddable":true,"href":"https:\/\/www.martinherrmann.info\/index.php?rest_route=%2Fwp%2Fv2%2Fcomments&post=3041"}],"version-history":[{"count":12,"href":"https:\/\/www.martinherrmann.info\/index.php?rest_route=\/wp\/v2\/pages\/3041\/revisions"}],"predecessor-version":[{"id":16788,"href":"https:\/\/www.martinherrmann.info\/index.php?rest_route=\/wp\/v2\/pages\/3041\/revisions\/16788"}],"wp:attachment":[{"href":"https:\/\/www.martinherrmann.info\/index.php?rest_route=%2Fwp%2Fv2%2Fmedia&parent=3041"}],"curies":[{"name":"wp","href":"https:\/\/api.w.org\/{rel}","templated":true}]}}