{"id":3432,"date":"2017-11-19T12:26:50","date_gmt":"2017-11-19T11:26:50","guid":{"rendered":"http:\/\/www.martinherrmann.info\/?page_id=3432"},"modified":"2026-03-18T11:19:34","modified_gmt":"2026-03-18T10:19:34","slug":"kuenstlerischerbuergerlicher-werdegang","status":"publish","type":"page","link":"https:\/\/www.martinherrmann.info\/?page_id=3432","title":{"rendered":"Auszeichnungen \/ Werdegang"},"content":{"rendered":"<p><strong>Turniere<br \/>\n<\/strong><\/p>\n<p>1987 Mitgewinner St. Ingberter Pfanne<br \/>\n1991 S\u00fcdwestfunkf\u00f6rderpreis<br \/>\n1992 Landeskulturpreis Baden-W\u00fcrttemberg \u201eChanson\u201c<br \/>\n1993 1. Platz Kabarettpreis der Stadt Wien \u201eWiener Hugo\u201c<br \/>\n1996 1. Platz bei Paulaner Solo, Kabarettpreis M\u00fcnchen<br \/>\n1997 &#8222;Stern der Woche&#8220; Abendzeitung M\u00fcnchen<br \/>\n1997 1. Platz \u201eM\u00fcnsteraner Wiedert\u00e4ufer\u201c Kabarettpreis M\u00fcnster<br \/>\n1998 2. Platz Kulturpreis \u201eWestf\u00e4lische Nachrichten\u201c Bielefeld<br \/>\n2000 1. Platz \u201eRuhrPott\u201c Satirikerpreis Deutscher Journalistenverband NRW<br \/>\n2001 3. Platz &#8222;Das Schwarze Schaf vom Niederrhein&#8220;<br \/>\n2003 1. Platz Satirecontest \u201eB\u00f6blinger Mechthild\u201c<br \/>\n2004 3. Platz \u201eScharfe Barte\u201c Melsungen<br \/>\n2016 Jurypreis &#8222;Liedermacherfestival&#8220; Geretsried<br \/>\n2017 2. Platz &#8222;Scharfe Barte&#8220; Melsungen<br \/>\n2018 <a href=\"http:\/\/www.kabarett-news.de\/News-vom-06.03.2018-erik-lehmann-gewann-rostocker-koggenzieher.html\" target=\"_blank\" rel=\"noopener\">Silberner &#8222;Koggenzieher&#8220; Rostock<\/a>, plus Publikumspreis<br \/>\n2018 2. Platz &#8222;Tuttlinger Kr\u00e4he&#8220; <a href=\"https:\/\/www.martinherrmann.info\/wp-content\/uploads\/2018\/04\/2.-Preis-2018.pdf\">2. Preis Laudatio<\/a><br \/>\n2018 Kleinkunstpreis Baden-W\u00fcrttemberg Hauptpreis<br \/>\n2019 1. Platz Fr\u00e4nkischer Kabarettpreis<br \/>\n2025 Silberner Koggenzieher Rostock plus Publikumspreis<br \/>\n2026 <a href=\"https:\/\/www.instagram.com\/p\/DUQaVYICLKY\/\">Weinst\u00e4dter Reblaus<\/a><\/p>\n<p><strong style=\"letter-spacing: 0.05em;\">Lebenslauf<\/strong><\/p>\n<div class=\"entry-content\">\n<p>Herrmann kommt in G\u00fcnzburg\/Do. zur Welt, wird neun Jahre sp\u00e4ter w\u00e4hrend einer gl\u00fccklichen Kindheit aus dem schw\u00e4bischen Krumbach ins badische Freiburg versetzt. Er startet sein Leben neu, als K\u00fcnstler.<br \/>\nIm Abschlussst\u00fcck der vierten Grundschulklasse an der Weiherhofschule Freiburg bekommt er eine Reserverolle als \u201eRiese Wellewatz\u201c. Drei Tage vor Auff\u00fchrung erkrankt der Hauptdarsteller an Lampenfieber. Ersatzriese Herrmann kommt zum Einsatz. Obschon einer der Kleinsten im Ensemble, st\u00fcrzt er sich mit Feuereifer in die Aufgabe, ein halber Riese, allerdings zum Ausgleich unterm Kittel mit diversen Kissen breiter gemacht. Bei der Schlu\u00dfverbeugung erh\u00e4lt Herrmann stehende Ovationen, damit ihn das Publikum besser sehen kann. Zwischen 1968 &#8211; 72 ger\u00e4t Herrmann in eine Pubert\u00e4t, in deren Verlauf er die ersten Mountainbike-Rekorde im Rosskopfgebiet, sowie Z\u00e4hringer Burg aufstellt. Die Narben sind heute noch vorhanden. Damals hiessen die Mountainbikes noch Mutti-Bikes, hatten 28-er Reifen, vorne eine Stempelbremse mit Reibwirkung auf den Mantel des Vorderrades, hinten R\u00fccktrittbremse. Zur Eind\u00e4mmung der Waldbrandgefahr wurde die gl\u00fchende Hinterachse im Hochsommer auf nat\u00fcrliche Weise gel\u00f6scht. Der halbe Riese bleibt Lebensthema von Martin Herrmann. Als er anno 1975 in der Unterprima am Keplergymnasium versehentlich den halben Riesen turnt \u2013 das ist eine Riesenfelge im Ristgriff vorlings r\u00fcckw\u00e4rts, auf halbem Wege abgebrochen \u2013 ermuntert ihn sein Lehrer zum Sportstudium. An der Uni Freiburg erfindet Martin Herrmann den nach ihm benannten \u201eHerrmann-Kreisel\u201c: Salto r\u00fcckw\u00e4rts mit halber Drehung bei permanentem Bodenkontakt. Herrmann absolviert auch noch das zweite Staatsexamen und kann in Folge des sog. Pillenknicks als fertiger Assessor des Lehramts f\u00fcr Sport und Biologie das b\u00fcrgerliche \u00dcber-Ich abhaken, um sich ab 1986 im M\u00fcnchener Kleinkunstunterholz den wichtigen Dingen des Lebens zu widmen: Ragtime-Fingerpicking, lustige Lieder. Allerdings muss eine Festanstellung als Nebenlehrer in M\u00fcnchen-Pasing (4Std. Di.nachmittags) \u00fcberwunden werden (1990-1996) &#8211; aus Gewissensgr\u00fcnden. 1992 erscheint Herrmanns neues Lebensthema: Tochter Sophia. Herrmann erobert als Wickler und Windler das Mutter-Kind-Abteil im IC. Zun\u00e4chst stark auf den klassischen witzigen Song konzentriert, arbeitet sich Herrmann zum standup-Wortmann hin, bis er bei seiner heutigen Mischform angelangt ist. Diese Form wechselt zwischen gereimten und vertonten Texten und satirischem Kabarett und versetzt Herrmann in die Lage, ein Publikum mit unaufwendigen Mitteln einen Abend lang sehr kurzweilig in Schach zu halten. Troubadour Herrmann lebt als freier Kabarettist in ganz Deutschland, lange in Heidelberg, heute Haupt-Rastplatz: Freiburg. Wegen dem Rosskopf. Ideales Laufgebiet. Herrmann kennt da seit 1966 fast jeden Baum. Alte Freunde seit gut 50 Jahren. Doch immer \u00f6fter t\u00f6nt des F\u00f6rsters Motors\u00e4ge&#8230;Schau mer mal.<br \/>\nAls Redakteur der zweiten Generation &#8222;Pardon&#8220; w\u00e4hrend 2004 &#8211; 2008 bei und mit Chef Bernd Zeller intensives Gagforschungsprojekt durchgef\u00fchrt. Man kennt sich seit 1997 anl\u00e4sslich der sommerlichen Zeichenseminare bei F.W.Bernstein im Nordkolleg an der Eider, der alles zeichnet, was ihm vor den Stift kommt, heute wahrscheinlich kleine Engel. Die Achse Zeller-Herrmann blieb erhalten und erzeugte permanent Eruptionen hochgradigen Humors. Doch dann kam Corona&#8230;Schau mer mal.<\/p>\n<p><a href=\"https:\/\/www.youtube.com\/watch?v=f6s2bFDtBkQ&amp;feature=youtu.be\">TV: Chemie bei SR und SWR<\/a><\/p>\n<p>&nbsp;<\/p>\n<\/div>\n<p><iframe loading=\"lazy\" title=\"Martin Herrmann in der Kongresshalle B\u00f6blingen\" width=\"860\" height=\"484\" src=\"https:\/\/www.youtube.com\/embed\/8XZy3Zf04BM?start=265&#038;feature=oembed\" frameborder=\"0\" allow=\"accelerometer; autoplay; clipboard-write; encrypted-media; gyroscope; picture-in-picture; web-share\" referrerpolicy=\"strict-origin-when-cross-origin\" allowfullscreen><\/iframe><\/p>\n","protected":false},"excerpt":{"rendered":"<p>Turniere 1987 Mitgewinner St. Ingberter Pfanne 1991 S\u00fcdwestfunkf\u00f6rderpreis 1992 Landeskulturpreis Baden-W\u00fcrttemberg \u201eChanson\u201c 1993 1. Platz Kabarettpreis der Stadt Wien \u201eWiener Hugo\u201c 1996 1. Platz bei Paulaner Solo, Kabarettpreis M\u00fcnchen 1997 &#8222;Stern der Woche&#8220; Abendzeitung M\u00fcnchen 1997 1. Platz \u201eM\u00fcnsteraner Wiedert\u00e4ufer\u201c&hellip;<\/p>\n<p class=\"more-link-p\"><a class=\"more-link\" href=\"https:\/\/www.martinherrmann.info\/?page_id=3432\">Read more &rarr;<\/a><\/p>\n","protected":false},"author":2,"featured_media":0,"parent":0,"menu_order":0,"comment_status":"closed","ping_status":"closed","template":"","meta":{"footnotes":""},"class_list":["post-3432","page","type-page","status-publish","hentry"],"_links":{"self":[{"href":"https:\/\/www.martinherrmann.info\/index.php?rest_route=\/wp\/v2\/pages\/3432","targetHints":{"allow":["GET"]}}],"collection":[{"href":"https:\/\/www.martinherrmann.info\/index.php?rest_route=\/wp\/v2\/pages"}],"about":[{"href":"https:\/\/www.martinherrmann.info\/index.php?rest_route=\/wp\/v2\/types\/page"}],"author":[{"embeddable":true,"href":"https:\/\/www.martinherrmann.info\/index.php?rest_route=\/wp\/v2\/users\/2"}],"replies":[{"embeddable":true,"href":"https:\/\/www.martinherrmann.info\/index.php?rest_route=%2Fwp%2Fv2%2Fcomments&post=3432"}],"version-history":[{"count":63,"href":"https:\/\/www.martinherrmann.info\/index.php?rest_route=\/wp\/v2\/pages\/3432\/revisions"}],"predecessor-version":[{"id":16520,"href":"https:\/\/www.martinherrmann.info\/index.php?rest_route=\/wp\/v2\/pages\/3432\/revisions\/16520"}],"wp:attachment":[{"href":"https:\/\/www.martinherrmann.info\/index.php?rest_route=%2Fwp%2Fv2%2Fmedia&parent=3432"}],"curies":[{"name":"wp","href":"https:\/\/api.w.org\/{rel}","templated":true}]}}