{"id":356,"date":"2015-09-04T10:02:41","date_gmt":"2015-09-04T08:02:41","guid":{"rendered":"http:\/\/www.martinherrmann.info\/?page_id=356"},"modified":"2024-07-17T14:51:04","modified_gmt":"2024-07-17T12:51:04","slug":"bekenntnis-zum-wasserstoff","status":"publish","type":"page","link":"https:\/\/www.martinherrmann.info\/?page_id=356","title":{"rendered":"Bekenntnis zum Wasserstoff"},"content":{"rendered":"<p>Wenn der Klimawandel bek\u00e4mpft werden kann, dann nur durch den universalen Energiespeicher Wasserstoff.\u00a0Und zwar den Solar-Wasserstoff. Wobei Solar f\u00fcr alle regenerativen Energieerzeuger steht, also Sonne, Wind, Wasserstr\u00f6mung.<br \/>\nWasserstoff ist <strong>Stromspeicher<\/strong>: \u00fcbersch\u00fcssiger Strom wird noch in riesigen Mengen &#8222;abgeregelt&#8220;, d.h. nicht ins Netz gespeist &#8211; aus rechtlichen Gr\u00fcnden oder \u00dcberlastung. Warum wegwerfen, wenn man Strom speichern kann? \u00dcbersch\u00fcssige Windenergie kann durch Elektrolyse von Wasser als Wasserstoff gespeichert werden. Nicht in Batterieen, das ist zu speziell. Wasserstoff ist universell, denn brauchbar ist Wasser in jedem Zustand: Schmutzwasser, Meerwasser, Regenwasser. Da pfeifen wir auf die sturen Bayern mit ihrer Stromtrassenblockade.<br \/>\nWasserstoff ist <strong>energiereich<\/strong>: ein Liter Wasserstoff enth\u00e4lt verglichen mit Benzin ein Vielfaches an Kraft.\u00a0Mit einem einzigen Speichermodul von zb. zehn Liter H2 f\u00fcr einen Wasserstoffelektromotor auf Brennstoffzellenbasis kann ein PKW leicht tausend Kilometer zur\u00fccklegen bis zum Aggregat-Austausch. Ein PKW, kein rollendes Zweifamilienhaus. Da braucht es diese hundert-Kilometer-H\u00fcpfer mit Steckdosenstellplatz nicht mehr.<br \/>\nWasserstoff ist <strong>umweltfreundlich<\/strong>: bei der Verbrennung entsteht Wasser. Das ist das Abfallprodukt: Reines H2O. Nicht etwa fossiles CO2, oder Stickoxid &#8211; bloss Wasser.<\/p>\n<p>Technische L\u00f6sungen bez\u00fcglich Wasserdampf, Speicherform und Lagerung \u00fcberlassen wir unseren Ingenieuren. Mit gro\u00dfer Zuversicht auf deren Kompetenz. Wer zum Mond fliegen kann,\u00a0kriegt die Wasserstofftechnologie ganz leicht\u00a0hin. Das vollendete Trottelargument ist das Argument der hohen Kosten von Wasserstoff. Kosten? Dieser Begriff ist menschgemacht. Wenn die Natur die Kosten f\u00fcr den Klimawandel erstmal richtig einfordert, sind alle Gelds\u00e4cke der Welt zu klein.<\/p>\n<p><em>17.1.22 Wie die Wasserstoffwirtschaft funktioniert, zeigen wir mit dem <strong>H2-Mikrozirkel<\/strong>: Deutschlandweit (gerne auch Nachbarn, wenn sie wollen und sich ans Modul-Schema halten) ein Netz* aus zwanzig H2-Tankstellen aufbauen, kompatiblen Wagenpark** dem dortigen Mittelstand zur Verf\u00fcgung stellen, und dann der Welt beweisen: es funktioniert. Nebeneffekt: Man hat die Vorreiterrolle. Weltweit.<\/em><br \/>\n<em>Geld macht zwar dumm, und viel Geld macht sehr dumm, wie unsere Milliard\u00e4re t\u00e4glich beweisen, (sie merkens bloss nicht, aber daf\u00fcr k\u00f6nnen sie ja nichts), aber wenn Geld sieht, dass es funktioniert, will es mitmachen, unbedingt. Auf der ganzen Welt.<\/em><br \/>\n<em>*: Mikrozirkel von zwanzig Tankstellen<\/em><br \/>\n<em>**Tankmodule, austauschbar; Fahrzeuge an Firmen f\u00fcr zwei Jahre umsonst, danach Verhandlungsbasis<\/em><\/p>\n<p><em>9.9.15\u00a0Warum die Wasserstofftechnologie nicht schon lange da ist: die Autoindustrie will erst ihre <strong>Produktlinien<\/strong> profitabel durchgef\u00fchrt haben: die Dieseltechnologie f\u00fcr PKW, seit neuem die Steckdosentechnologie. Und permanent: die Grosskotztechnologie f\u00fcr AngeberInnen im SUV. Die Energiekonzerne wollen erst ihre Produktlinien profitabel durchgef\u00fchrt haben: 2013 blasen die Braunkohlekraftwerke unter dem damaligen Umweltminister Altmeier (CDU) eine Rekordmenge an Fossil-CO2 in die Luft. Dieser Strom aus Dreck wurde \u00fcberwiegend ins Ausland verkauft. Aktieninhaber der Energiekonzerne pochen auf ihre sogenannte <strong>Alterssicherung<\/strong> und pfeifen auf den Klimawandel. Aber schon allein die Dieseltechnologie kann bei der Alterssicherung helfen: die Freisetzung von Feinstaubpartikeln aus Dieselmotoren ist in den letzten zehn Jahren um ein Vielfaches gestiegen, diese Partikel sind kapillarg\u00e4ngig und gelten als stark krebserregend. Die j\u00e4hrliche Rate an Neuerkrankungen bei Krebs hat sich im selben Zeitraum von 350Tausend auf \u00fcber 500Tausend erh\u00f6ht.<br \/>\nDie Rentenkassen k\u00f6nnen aufatmen.<\/em><\/p>\n<p>15.9.15 <strong>Klimawandel vom Mensch gemacht<\/strong><br \/>\nSelbstverst\u00e4ndlich ist der Klimawandel menschgemacht. Da braucht es keine Wissenschaft, um zu erahnen, dass die t\u00e4gliche Freisetzung von Millionen Tonnen fossilem CO2 weltweit \u00fcber Jahrzehnte, sich irgendwie auswirken muss. Die Auswirkung nennt sich Treibhauseffekt.<\/p>\n<p>Das ist die Photosynthesegleichung:<\/p>\n<p>CO2 + H2O plus Lichtenergie ergibt Glucose und Sauerstoff.<br \/>\nGlucose = <strong>Biomasse<\/strong> = festgewordenes CO2. Nachts kehrt sich der Vorgang um, wegen der Atmung der Pflanzen.<\/p>\n<p>Wenn festgewordenes CO2 = Biomasse\u00a0aus jahrmillionenalter Versiegelung (\u00d6l, Gas, Kohle) wieder in CO2 \u00fcberf\u00fchrt wird, entsteht ein \u00dcberschuss in der <strong>heutigen<\/strong> Bilanz. Folge: Treibhauseffekt.<\/p>\n<p><strong>Wissenschaft als Erkenntnisbremse<\/strong><\/p>\n<p>Wenn Kabarettisten mit \u00a0Abschluss in Physik in ihrer Fernsehsendung erkl\u00e4ren, der menschgemachte CO2 Ausstoss k\u00f6nne keine Ursache f\u00fcr den Klimawandel sein, da dieser im Vergleich zu den j\u00e4hrlichen CO2-Emissionen der Vulkane nur knapp 1 Prozent betrage, beweisen sie damit h\u00f6chstens, dass ein Physiker den Begriff vom \u00f6kologischen Gleichgewicht offenbar nicht kennen muss, um einen Abschluss an der Uni zu bekommen. Die Vulkane sind seit Jahrmillionen aktiv, also in uraltem Gleichgewicht, der Fossilsch\u00e4dling Mensch wirkt aber erst seit hundert Jahren. Und ein Gleichgewicht kann aus demselben geraten &#8211; selbst bei winzigen St\u00f6rungen. Sonst h\u00e4tten die tonnenschweren Fallt\u00fcren in den Pharaonengr\u00e4bern nie funktioniert, die den Grabr\u00e4ubern in den Pyramiden den Garaus gemacht haben. Kabarettisten mit <strong>Bl\u00f6d-Physik-Abschluss<\/strong> hocken h\u00f6chstens in der Alterspyramide, aber keine Angst, die h\u00e4lt noch lange. In der Alterspyramide gilt das \u00f6konomische Gleichgewicht.<\/p>\n<p>18.9.15 <strong>Argument der Prek\u00e4r-Wissenschaft<\/strong><\/p>\n<p>Laut auflach: Soeben gelesen, manche Klimatrottel behaupten, dass es keinen Treibhaus-Effekt in der Atmosph\u00e4re geben k\u00f6nne, da CO2 <strong>schwerer ist als Luft<\/strong> und somit zu Boden sinke. Ohren auf, Klimatrottel: Wenn sich das so zutragen w\u00fcrde mit dem CO2, w\u00e4re Eure\u00a0Klimatrottelhaftigkeit schon lange im Keim <strong>erstickt!<\/strong>\u00a0Folge: Kein Klimawandel.<\/p>\n<p>19.9.15\u00a0<strong>Beweisrichtung umkehren!<\/strong><\/p>\n<p>Nicht die Klimasch\u00fctzer m\u00fcssen beweisen, dass das fossile CO2 aus Menschwirkung das Klima sch\u00e4digt, sondern die Leugner der Menschursache am Klimawandel m\u00fcssen beweisen, dass die t\u00e4gliche Freisetzung von Millionen Tonnen fossilem CO2 dem Klima nichts anhaben kann. Genauso, wie Kernkraftbetreiber beweisen m\u00fcssten, dass nicht ihr KKW Schuld ist an der Leuk\u00e4mie der Kinder in der Nachbarschaft, anstatt die Beweisf\u00fchrung wie selbstverst\u00e4ndlich den Opfern anheimzustellen. Das w\u00e4re logisch, demokratisch und verantwortungsbewusst &#8211; und nicht dieser Machbarkeitsirrsinn unter dem Motto &#8222;Wird scho nix bassiere.&#8220; Aber wer Trottel an die Macht w\u00e4hlt, lebt bequemer.<\/p>\n<p>22.9.15 <strong>Ein\u00a0Konzern im permanenten\u00a0Ruhestand: VW<\/strong><\/p>\n<p>Mit all dem Geld, was VW jetzt in den Kamin &#8211; halt, Abgas! &#8211; besser: in den Wind schreibt, h\u00e4tte diese gro\u00dfe Firma das Wasserstoffauto prima entwickeln k\u00f6nnen, samt Betankungslogistik, VW w\u00e4re Weltspitze und k\u00f6nnte im Jahr ein Vielfaches der jetzt aufkommenden Miesen als Plus verbuchen. Aber nein, sie pumpen unsere\u00a0Lungen voll mit Krebspartikeln und l\u00fcgen einfach frech irgendwelche Bilanzen zusammen. Beh\u00e4big dr\u00fcckt dieser Konzern die Produktlinien eisern durch &#8211; der eine hockt br\u00e4sig auf seinem Angebersessel (Manager), der andere schielt blo\u00df\u00a0auf seine Alterssicherung (Arbeiter) und f\u00fcr die Betriebsr\u00e4te gibt es Ausfl\u00fcge zu den brasilianischen Nutten. Wieso klappt das alles nicht und wieder nicht, wieso sind diese Leute so unglaublich dumm? Weil sie nicht zur Rechenschaft gezogen werden. <em>(Siehe auch 9.9.15)<\/em><\/p>\n<p>24.11.15 Immer noch funktionieren die vorweihnachtlichen Werbespots \u00fcber Schnee und Eis,\u00a0plus <strong>dickfelligem Nikolaus<\/strong>. Als ob der bislang heisseste Oktober und der l\u00e4ngste Martinisommer der Wirtschaft entgangen w\u00e4re. Allm\u00e4hlich wird nat\u00fcrliche K\u00e4lte zu einem hohen Wert. Den Gl\u00fchwein trinkt man auf den Weihnachtsm\u00e4rkten im <strong>T-Shirt<\/strong>, daf\u00fcr liegen\u00a0unterm Christbaum Echtpelzf\u00e4ustlinge\u00a0und Edelpullover. Tip: Umtauschen oder Kleidersammlung. Sollen doch die anderen schwitzen.<\/p>\n","protected":false},"excerpt":{"rendered":"<p>Wenn der Klimawandel bek\u00e4mpft werden kann, dann nur durch den universalen Energiespeicher Wasserstoff.\u00a0Und zwar den Solar-Wasserstoff. Wobei Solar f\u00fcr alle regenerativen Energieerzeuger steht, also Sonne, Wind, Wasserstr\u00f6mung. Wasserstoff ist Stromspeicher: \u00fcbersch\u00fcssiger Strom wird noch in riesigen Mengen &#8222;abgeregelt&#8220;, d.h. nicht&hellip;<\/p>\n<p class=\"more-link-p\"><a class=\"more-link\" href=\"https:\/\/www.martinherrmann.info\/?page_id=356\">Read more &rarr;<\/a><\/p>\n","protected":false},"author":2,"featured_media":0,"parent":0,"menu_order":0,"comment_status":"closed","ping_status":"closed","template":"","meta":{"footnotes":""},"class_list":["post-356","page","type-page","status-publish","hentry"],"_links":{"self":[{"href":"https:\/\/www.martinherrmann.info\/index.php?rest_route=\/wp\/v2\/pages\/356","targetHints":{"allow":["GET"]}}],"collection":[{"href":"https:\/\/www.martinherrmann.info\/index.php?rest_route=\/wp\/v2\/pages"}],"about":[{"href":"https:\/\/www.martinherrmann.info\/index.php?rest_route=\/wp\/v2\/types\/page"}],"author":[{"embeddable":true,"href":"https:\/\/www.martinherrmann.info\/index.php?rest_route=\/wp\/v2\/users\/2"}],"replies":[{"embeddable":true,"href":"https:\/\/www.martinherrmann.info\/index.php?rest_route=%2Fwp%2Fv2%2Fcomments&post=356"}],"version-history":[{"count":40,"href":"https:\/\/www.martinherrmann.info\/index.php?rest_route=\/wp\/v2\/pages\/356\/revisions"}],"predecessor-version":[{"id":13015,"href":"https:\/\/www.martinherrmann.info\/index.php?rest_route=\/wp\/v2\/pages\/356\/revisions\/13015"}],"wp:attachment":[{"href":"https:\/\/www.martinherrmann.info\/index.php?rest_route=%2Fwp%2Fv2%2Fmedia&parent=356"}],"curies":[{"name":"wp","href":"https:\/\/api.w.org\/{rel}","templated":true}]}}