{"id":4341,"date":"2018-07-08T10:09:29","date_gmt":"2018-07-08T08:09:29","guid":{"rendered":"http:\/\/www.martinherrmann.info\/?page_id=4341"},"modified":"2026-02-13T22:45:57","modified_gmt":"2026-02-13T21:45:57","slug":"mein-lieblingsstatus-waere-witwer-aber-dazu-muesste-ich-erst-heiraten","status":"publish","type":"page","link":"https:\/\/www.martinherrmann.info\/?page_id=4341","title":{"rendered":"Mein Lieblingsstatus w\u00e4re Witwer, aber dazu m\u00fcsste ich erst heiraten"},"content":{"rendered":"<p>Witwer ist ein beneidenswerter Status. Man lebt in Frieden, weil die Gesellschaft den Grund des Friedens akzeptiert. Leider hat der Gesetzgeber zur Erlangung des Witwerdaseins das Heiraten vornangestellt, ein Riesenumweg.\u00a0<span style=\"letter-spacing: 0.05em;\">Ist Heiratsschwindel ein Verbrechen aus Leidenschaftslosigkeit? Schon die Ehe ist ein Missverst\u00e4ndnis von Leidenschaft:\u00a0<\/span><span style=\"letter-spacing: 0.05em;\">M\u00e4nner ermorden ihre Frau,<\/span><span style=\"letter-spacing: 0.05em;\">\u00a0<\/span><strong style=\"letter-spacing: 0.05em;\">damit<\/strong><span style=\"letter-spacing: 0.05em;\">\u00a0<\/span><span style=\"letter-spacing: 0.05em;\">sie kein anderer kriegt, Frauen ermorden ihren Mann,<\/span><span style=\"letter-spacing: 0.05em;\">\u00a0<\/span><strong style=\"letter-spacing: 0.05em;\">weil<\/strong><span style=\"letter-spacing: 0.05em;\">\u00a0<\/span><span style=\"letter-spacing: 0.05em;\">er keine andere kriegt. Immer mehr Frauen leben gef\u00e4hrlich, weil sie erst gar nicht heiraten wollen.\u00a0<\/span><span style=\"letter-spacing: 0.05em;\">Viele Frauen werden \u00e4lter als ihre M\u00e4nner und kassieren Witwenrente plus die eigene Rente, als Senioren-Dink: Double income, no kids. Brauchen wir die M\u00e4nnerquote?\u00a0<span class=\"\">Zukunftsforscher sagen nein: immer mehr M\u00e4nner erkennen, wie sie bis zur vierfachen Witwenrente kommen. Dazu m\u00fcssen sie vorher nur konvertieren.\u00a0<\/span><span class=\"\">Apostel Paulus dagegen hielt das Heiraten an sich f\u00fcr unn\u00f6tig, weil das Paradies unmittelbar bevorst\u00fcnde. Warum durch die Eheh\u00f6lle gehen, wenn der Himmel offen steht?\u00a0<\/span><span class=\"\">Deswegen stellt sich Paulus-Fan Herrmann jetzt als k\u00fcnftiger Mono-Witwer zur Verf\u00fcgung, f\u00fcr eine ehrliche Schein-Ehe und appelliert an das Gerechtigkeitsempfinden der Quoten-Frau.<\/span><\/span><\/p>\n<p><em>Songkabarett<br \/>\nPlakatmotiv<\/em>:<\/p>\n<p><a href=\"https:\/\/www.martinherrmann.info\/wp-content\/uploads\/2018\/07\/FotoWitwer.png\"><img loading=\"lazy\" decoding=\"async\" class=\"alignnone size-medium wp-image-4345\" src=\"https:\/\/www.martinherrmann.info\/wp-content\/uploads\/2018\/07\/FotoWitwer-240x300.png\" alt=\"\" width=\"240\" height=\"300\" srcset=\"https:\/\/www.martinherrmann.info\/wp-content\/uploads\/2018\/07\/FotoWitwer-240x300.png 240w, https:\/\/www.martinherrmann.info\/wp-content\/uploads\/2018\/07\/FotoWitwer-260x325.png 260w, https:\/\/www.martinherrmann.info\/wp-content\/uploads\/2018\/07\/FotoWitwer-160x200.png 160w, https:\/\/www.martinherrmann.info\/wp-content\/uploads\/2018\/07\/FotoWitwer.png 279w\" sizes=\"auto, (max-width: 240px) 100vw, 240px\" \/>\u00a0\u00a0\u00a0<\/a><a href=\"https:\/\/www.martinherrmann.info\/wp-content\/uploads\/2018\/07\/witwer3.png\"><img loading=\"lazy\" decoding=\"async\" class=\"alignnone size-medium wp-image-4463\" src=\"https:\/\/www.martinherrmann.info\/wp-content\/uploads\/2018\/07\/witwer3-214x300.png\" alt=\"\" width=\"214\" height=\"300\" srcset=\"https:\/\/www.martinherrmann.info\/wp-content\/uploads\/2018\/07\/witwer3-214x300.png 214w, https:\/\/www.martinherrmann.info\/wp-content\/uploads\/2018\/07\/witwer3-260x364.png 260w, https:\/\/www.martinherrmann.info\/wp-content\/uploads\/2018\/07\/witwer3-160x224.png 160w, https:\/\/www.martinherrmann.info\/wp-content\/uploads\/2018\/07\/witwer3.png 267w\" sizes=\"auto, (max-width: 214px) 100vw, 214px\" \/><\/a><\/p>\n<p><a href=\"https:\/\/www.martinherrmann.info\/wp-content\/uploads\/2018\/07\/presseWitwer.pdf\">presseFoto Witwer als pdf \u00a0\u00a0<\/a><a href=\"https:\/\/www.martinherrmann.info\/wp-content\/uploads\/2018\/07\/FotoWitwer.png\"><br \/>\n<\/a><\/p>\n<p>&nbsp;<\/p>\n<p>&nbsp;<\/p>\n","protected":false},"excerpt":{"rendered":"<p>Witwer ist ein beneidenswerter Status. Man lebt in Frieden, weil die Gesellschaft den Grund des Friedens akzeptiert. Leider hat der Gesetzgeber zur Erlangung des Witwerdaseins das Heiraten vornangestellt, ein Riesenumweg.\u00a0Ist Heiratsschwindel ein Verbrechen aus Leidenschaftslosigkeit? Schon die Ehe ist ein&hellip;<\/p>\n<p class=\"more-link-p\"><a class=\"more-link\" href=\"https:\/\/www.martinherrmann.info\/?page_id=4341\">Read more &rarr;<\/a><\/p>\n","protected":false},"author":2,"featured_media":0,"parent":0,"menu_order":0,"comment_status":"closed","ping_status":"closed","template":"","meta":{"footnotes":""},"class_list":["post-4341","page","type-page","status-publish","hentry"],"_links":{"self":[{"href":"https:\/\/www.martinherrmann.info\/index.php?rest_route=\/wp\/v2\/pages\/4341","targetHints":{"allow":["GET"]}}],"collection":[{"href":"https:\/\/www.martinherrmann.info\/index.php?rest_route=\/wp\/v2\/pages"}],"about":[{"href":"https:\/\/www.martinherrmann.info\/index.php?rest_route=\/wp\/v2\/types\/page"}],"author":[{"embeddable":true,"href":"https:\/\/www.martinherrmann.info\/index.php?rest_route=\/wp\/v2\/users\/2"}],"replies":[{"embeddable":true,"href":"https:\/\/www.martinherrmann.info\/index.php?rest_route=%2Fwp%2Fv2%2Fcomments&post=4341"}],"version-history":[{"count":35,"href":"https:\/\/www.martinherrmann.info\/index.php?rest_route=\/wp\/v2\/pages\/4341\/revisions"}],"predecessor-version":[{"id":16337,"href":"https:\/\/www.martinherrmann.info\/index.php?rest_route=\/wp\/v2\/pages\/4341\/revisions\/16337"}],"wp:attachment":[{"href":"https:\/\/www.martinherrmann.info\/index.php?rest_route=%2Fwp%2Fv2%2Fmedia&parent=4341"}],"curies":[{"name":"wp","href":"https:\/\/api.w.org\/{rel}","templated":true}]}}