{"id":779,"date":"2015-11-23T15:31:19","date_gmt":"2015-11-23T14:31:19","guid":{"rendered":"http:\/\/www.martinherrmann.info\/?page_id=779"},"modified":"2026-02-13T22:44:46","modified_gmt":"2026-02-13T21:44:46","slug":"pressetext","status":"publish","type":"page","link":"https:\/\/www.martinherrmann.info\/?page_id=779","title":{"rendered":"Keine Frau sucht Bauer!"},"content":{"rendered":"<p><strong>KEINE FRAU SUCHT BAUER!<\/strong><\/p>\n<p><strong><a href=\"https:\/\/www.martinherrmann.info\/wp-content\/uploads\/2015\/04\/pressefoto-herrmann-Kopie-1-e1504797322563.jpg\"><img loading=\"lazy\" decoding=\"async\" class=\"alignnone size-medium wp-image-2959\" src=\"https:\/\/www.martinherrmann.info\/wp-content\/uploads\/2015\/04\/pressefoto-herrmann-Kopie-1-196x300.jpg\" alt=\"\" width=\"196\" height=\"300\" \/>Pressefoto<br \/>\n<\/a><\/strong><strong>Ein hochkomisches Salonkabarett f\u00fcr Neoromantiker in Wort und Lied. Martin Herrmann, der erste amtliche Frauenfl\u00fcsterer Deutschlands, weiss:<br \/>\n<em>Auf den Acker stehen heute immer weniger \/ aber viele stehen auf den Akademiker&#8230;<\/em><br \/>\nMit Wort und Lied k\u00fcmmert sich Anti-Liedermacher Martin Herrmann um den Zeitgeist zwischen Stadt und Land.\u00a0In Berlin haben Unbekannte einen 30 Meter langen Tunnel gegraben und eine Bank ausgeraubt. Offenbar gibt es in Berlin Bauvorhaben, die gelingen.<br \/>\nAuf dem Land herrschen klare Verh\u00e4ltnisse: ein 83-j\u00e4hriger Bauer wurde beim Reparieren des Weidezauns von seiner Kuh aufgespiesst. Hier wird Rente mit 65 viel sch\u00e4rfer \u00fcberwacht.<br \/>\nDer &#8222;Deutsche Gl\u00fccksatlas&#8220; wurde 2017 neu vermessen, Sieger war Schleswig-Holstein. Laut Klappentext sehen dort die Menschen das Glas immer halbvoll. In Schleswig-Holstein blieben die Gl\u00e4ser noch nie lange ganzvoll, aber das ist Gl\u00fcck: man kann ja nachschenken.<br \/>\nDie Scheidungsquote liegt bei 50% in den St\u00e4dten. Nur auf dem Land herrscht Stabilit\u00e4t. Grund: keine Frauen. Die sitzen alle in der Stadt und lassen sich scheiden.<br \/>\nFernseherprobte St\u00e4dter hoffen inzwischen, eine Frau zu finden, wenn sie sich als Bauer verkleiden.\u00a0Was treibt eine St\u00e4dterin in die Arme eines Bauern? Ist es das Platzangebot f\u00fcr die Kinder und der Streichelzoo im Haus? Der Bauer ist familienfreundlich. Und wenn die Frau vom Geb\u00e4ren zu m\u00fcde ist, tr\u00e4gt sie der Bauer auf H\u00e4nden &#8211; zur Stallarbeit.<br \/>\nVon gef\u00fchlter Temperatur bis zur esoterischen Komplett-Entwirklichung: Romantik gilt als ein gef\u00fchltes Menschenrecht. Und daf\u00fcr steht: &#8222;Keine Frau sucht Bauer!&#8220;<\/strong><\/p>\n<p>&nbsp;<\/p>\n<p>&nbsp;<\/p>\n<p>&nbsp;<\/p>\n","protected":false},"excerpt":{"rendered":"<p>KEINE FRAU SUCHT BAUER! Pressefoto Ein hochkomisches Salonkabarett f\u00fcr Neoromantiker in Wort und Lied. Martin Herrmann, der erste amtliche Frauenfl\u00fcsterer Deutschlands, weiss: Auf den Acker stehen heute immer weniger \/ aber viele stehen auf den Akademiker&#8230; Mit Wort und Lied&hellip;<\/p>\n<p class=\"more-link-p\"><a class=\"more-link\" href=\"https:\/\/www.martinherrmann.info\/?page_id=779\">Read more &rarr;<\/a><\/p>\n","protected":false},"author":2,"featured_media":0,"parent":0,"menu_order":0,"comment_status":"closed","ping_status":"closed","template":"","meta":{"footnotes":""},"class_list":["post-779","page","type-page","status-publish","hentry"],"_links":{"self":[{"href":"https:\/\/www.martinherrmann.info\/index.php?rest_route=\/wp\/v2\/pages\/779","targetHints":{"allow":["GET"]}}],"collection":[{"href":"https:\/\/www.martinherrmann.info\/index.php?rest_route=\/wp\/v2\/pages"}],"about":[{"href":"https:\/\/www.martinherrmann.info\/index.php?rest_route=\/wp\/v2\/types\/page"}],"author":[{"embeddable":true,"href":"https:\/\/www.martinherrmann.info\/index.php?rest_route=\/wp\/v2\/users\/2"}],"replies":[{"embeddable":true,"href":"https:\/\/www.martinherrmann.info\/index.php?rest_route=%2Fwp%2Fv2%2Fcomments&post=779"}],"version-history":[{"count":19,"href":"https:\/\/www.martinherrmann.info\/index.php?rest_route=\/wp\/v2\/pages\/779\/revisions"}],"predecessor-version":[{"id":16334,"href":"https:\/\/www.martinherrmann.info\/index.php?rest_route=\/wp\/v2\/pages\/779\/revisions\/16334"}],"wp:attachment":[{"href":"https:\/\/www.martinherrmann.info\/index.php?rest_route=%2Fwp%2Fv2%2Fmedia&parent=779"}],"curies":[{"name":"wp","href":"https:\/\/api.w.org\/{rel}","templated":true}]}}