{"id":783,"date":"2015-11-23T15:31:59","date_gmt":"2015-11-23T14:31:59","guid":{"rendered":"http:\/\/www.martinherrmann.info\/?page_id=783"},"modified":"2024-05-26T18:27:42","modified_gmt":"2024-05-26T16:27:42","slug":"pressefoto","status":"publish","type":"page","link":"https:\/\/www.martinherrmann.info\/?page_id=783","title":{"rendered":"Pressefotos"},"content":{"rendered":"<p>Pressefotos <strong>Beckenbodengymnastik f\u00fcr M\u00e4nner<\/strong>, l\u00e4ngs und quer.<\/p>\n<p><span style=\"text-decoration: underline;\"><a href=\"https:\/\/www.martinherrmann.info\/wp-content\/uploads\/2024\/05\/beckenbodenPressefoto-Kopie.jpg\"><img loading=\"lazy\" decoding=\"async\" class=\"alignnone size-medium wp-image-12701\" src=\"https:\/\/www.martinherrmann.info\/wp-content\/uploads\/2024\/05\/beckenbodenPressefoto-Kopie-200x300.jpg\" alt=\"\" width=\"200\" height=\"300\" srcset=\"https:\/\/www.martinherrmann.info\/wp-content\/uploads\/2024\/05\/beckenbodenPressefoto-Kopie-200x300.jpg 200w, https:\/\/www.martinherrmann.info\/wp-content\/uploads\/2024\/05\/beckenbodenPressefoto-Kopie-684x1024.jpg 684w, https:\/\/www.martinherrmann.info\/wp-content\/uploads\/2024\/05\/beckenbodenPressefoto-Kopie-768x1150.jpg 768w, https:\/\/www.martinherrmann.info\/wp-content\/uploads\/2024\/05\/beckenbodenPressefoto-Kopie-1026x1536.jpg 1026w, https:\/\/www.martinherrmann.info\/wp-content\/uploads\/2024\/05\/beckenbodenPressefoto-Kopie-560x838.jpg 560w, https:\/\/www.martinherrmann.info\/wp-content\/uploads\/2024\/05\/beckenbodenPressefoto-Kopie-260x389.jpg 260w, https:\/\/www.martinherrmann.info\/wp-content\/uploads\/2024\/05\/beckenbodenPressefoto-Kopie-160x239.jpg 160w, https:\/\/www.martinherrmann.info\/wp-content\/uploads\/2024\/05\/beckenbodenPressefoto-Kopie.jpg 1246w\" sizes=\"auto, (max-width: 200px) 100vw, 200px\" \/>\u00a0\u00a0\u00a0<\/a><\/span><a href=\"https:\/\/www.martinherrmann.info\/wp-content\/uploads\/2024\/05\/23.-03-22-Martin-HerrmannBBG-1.jpg\"><img loading=\"lazy\" decoding=\"async\" class=\"alignnone size-medium wp-image-12703\" src=\"https:\/\/www.martinherrmann.info\/wp-content\/uploads\/2024\/05\/23.-03-22-Martin-HerrmannBBG-1-300x223.jpg\" alt=\"\" width=\"300\" height=\"223\" srcset=\"https:\/\/www.martinherrmann.info\/wp-content\/uploads\/2024\/05\/23.-03-22-Martin-HerrmannBBG-1-300x223.jpg 300w, https:\/\/www.martinherrmann.info\/wp-content\/uploads\/2024\/05\/23.-03-22-Martin-HerrmannBBG-1-1024x762.jpg 1024w, https:\/\/www.martinherrmann.info\/wp-content\/uploads\/2024\/05\/23.-03-22-Martin-HerrmannBBG-1-768x572.jpg 768w, https:\/\/www.martinherrmann.info\/wp-content\/uploads\/2024\/05\/23.-03-22-Martin-HerrmannBBG-1-560x417.jpg 560w, https:\/\/www.martinherrmann.info\/wp-content\/uploads\/2024\/05\/23.-03-22-Martin-HerrmannBBG-1-260x194.jpg 260w, https:\/\/www.martinherrmann.info\/wp-content\/uploads\/2024\/05\/23.-03-22-Martin-HerrmannBBG-1-160x119.jpg 160w, https:\/\/www.martinherrmann.info\/wp-content\/uploads\/2024\/05\/23.-03-22-Martin-HerrmannBBG-1.jpg 1221w\" sizes=\"auto, (max-width: 300px) 100vw, 300px\" \/><\/a><\/p>\n<p>&nbsp;<\/p>\n<p>&nbsp;<\/p>\n<p>&nbsp;<\/p>\n<p><span style=\"text-decoration: underline;\">Alle Pressefotos mit Kuh:<\/span><\/p>\n<p><strong>Fotograf Martin Steffen, Bochum<\/strong><\/p>\n<p>Programme: &#8222;Keine Frau sucht Bauer!&#8220; und &#8222;Herrmanns Spitzen!&#8220;<\/p>\n<p><strong>&#8222;Keine Frau sucht Bauer!&#8220;<\/strong> <strong>&#8211; hochkomisches Salonkabarett mit dem amtlichen Frauenfl\u00fcsterer!<\/strong><\/p>\n<div id=\"attachment_1159\" style=\"width: 305px\" class=\"wp-caption alignnone\"><img loading=\"lazy\" decoding=\"async\" aria-describedby=\"caption-attachment-1159\" class=\"wp-image-1159 size-full\" src=\"https:\/\/www.martinherrmann.info\/wp-content\/uploads\/2016\/01\/fotofletch2014.jpg\" alt=\"Kuhbild, quer\" width=\"295\" height=\"215\" \/><p id=\"caption-attachment-1159\" class=\"wp-caption-text\">Kuhbild, quer, nur in kleiner Aufl\u00f6sung!<\/p><\/div>\n<div id=\"attachment_793\" style=\"width: 206px\" class=\"wp-caption alignnone\"><a href=\"https:\/\/www.martinherrmann.info\/wp-content\/uploads\/2015\/11\/Martin_KUH-Kopie.jpg\"><img loading=\"lazy\" decoding=\"async\" aria-describedby=\"caption-attachment-793\" class=\"wp-image-793 size-medium\" src=\"https:\/\/www.martinherrmann.info\/wp-content\/uploads\/2015\/11\/Martin_KUH-Kopie-196x300.jpg\" alt=\"Martin_KUH Kopie\" width=\"196\" height=\"300\" srcset=\"https:\/\/www.martinherrmann.info\/wp-content\/uploads\/2015\/11\/Martin_KUH-Kopie-196x300.jpg 196w, https:\/\/www.martinherrmann.info\/wp-content\/uploads\/2015\/11\/Martin_KUH-Kopie-669x1024.jpg 669w, https:\/\/www.martinherrmann.info\/wp-content\/uploads\/2015\/11\/Martin_KUH-Kopie-652x999.jpg 652w\" sizes=\"auto, (max-width: 196px) 100vw, 196px\" \/><\/a><p id=\"caption-attachment-793\" class=\"wp-caption-text\">Kuhbild, hoch<\/p><\/div>\n<p>&nbsp;<\/p>\n<p>&nbsp;<\/p>\n<p><strong style=\"font-weight: bold !important;\">\u00a0 <\/strong><strong>\u00a0 \u00a0 \u00a0<\/strong><\/p>\n<p>&nbsp;<\/p>\n<p><strong>\u00a0 \u00a0<\/strong><\/p>\n","protected":false},"excerpt":{"rendered":"<p>Pressefotos Beckenbodengymnastik f\u00fcr M\u00e4nner, l\u00e4ngs und quer. \u00a0\u00a0\u00a0 &nbsp; &nbsp; &nbsp; Alle Pressefotos mit Kuh: Fotograf Martin Steffen, Bochum Programme: &#8222;Keine Frau sucht Bauer!&#8220; und &#8222;Herrmanns Spitzen!&#8220; &#8222;Keine Frau sucht Bauer!&#8220; &#8211; hochkomisches Salonkabarett mit dem amtlichen Frauenfl\u00fcsterer! &nbsp; &nbsp;&hellip;<\/p>\n<p class=\"more-link-p\"><a class=\"more-link\" href=\"https:\/\/www.martinherrmann.info\/?page_id=783\">Read more &rarr;<\/a><\/p>\n","protected":false},"author":2,"featured_media":0,"parent":0,"menu_order":0,"comment_status":"closed","ping_status":"closed","template":"","meta":{"footnotes":""},"class_list":["post-783","page","type-page","status-publish","hentry"],"_links":{"self":[{"href":"https:\/\/www.martinherrmann.info\/index.php?rest_route=\/wp\/v2\/pages\/783","targetHints":{"allow":["GET"]}}],"collection":[{"href":"https:\/\/www.martinherrmann.info\/index.php?rest_route=\/wp\/v2\/pages"}],"about":[{"href":"https:\/\/www.martinherrmann.info\/index.php?rest_route=\/wp\/v2\/types\/page"}],"author":[{"embeddable":true,"href":"https:\/\/www.martinherrmann.info\/index.php?rest_route=\/wp\/v2\/users\/2"}],"replies":[{"embeddable":true,"href":"https:\/\/www.martinherrmann.info\/index.php?rest_route=%2Fwp%2Fv2%2Fcomments&post=783"}],"version-history":[{"count":20,"href":"https:\/\/www.martinherrmann.info\/index.php?rest_route=\/wp\/v2\/pages\/783\/revisions"}],"predecessor-version":[{"id":12704,"href":"https:\/\/www.martinherrmann.info\/index.php?rest_route=\/wp\/v2\/pages\/783\/revisions\/12704"}],"wp:attachment":[{"href":"https:\/\/www.martinherrmann.info\/index.php?rest_route=%2Fwp%2Fv2%2Fmedia&parent=783"}],"curies":[{"name":"wp","href":"https:\/\/api.w.org\/{rel}","templated":true}]}}